{"id":474,"date":"2024-02-28T11:31:37","date_gmt":"2024-02-28T10:31:37","guid":{"rendered":"https:\/\/veraickler.de\/?page_id=474"},"modified":"2025-05-02T14:14:00","modified_gmt":"2025-05-02T12:14:00","slug":"booking","status":"publish","type":"page","link":"https:\/\/veraickler.de\/de\/booking\/","title":{"rendered":"Buchung"},"content":{"rendered":"<div id=\"fws_69f5d6f7da826\"  data-column-margin=\"default\" data-midnight=\"dark\" data-top-percent=\"8%\" data-bottom-percent=\"5%\"  class=\"wpb_row vc_row-fluid vc_row full-width-content vc_row-o-equal-height vc_row-flex vc_row-o-content-middle  zindex-set right_padding_6pct left_padding_6pct top_padding_tablet_20pct top_padding_phone_25pct\"  style=\"padding-top: calc(100vw * 0.08); padding-bottom: calc(100vw * 0.05);  z-index: 100;\"><div class=\"row-bg-wrap\" data-bg-animation=\"fade-in\" data-bg-animation-delay=\"\" data-bg-overlay=\"false\"><div class=\"inner-wrap row-bg-layer\" ><div class=\"row-bg viewport-desktop\"  style=\"\"><\/div><\/div><\/div><div class=\"row_col_wrap_12 col span_12 dark left\">\n\t<div  class=\"vc_col-sm-12 wpb_column column_container vc_column_container col no-extra-padding inherit_tablet inherit_phone\"  data-padding-pos=\"all\" data-has-bg-color=\"false\" data-bg-color=\"\" data-bg-opacity=\"1\" data-animation=\"\" data-delay=\"0\" >\n\t\t<div class=\"vc_column-inner\" >\n\t\t\t<div class=\"wpb_wrapper\">\n\t\t\t\t<div id=\"fws_69f5d6f7dac77\" data-midnight=\"\" data-column-margin=\"default\" class=\"wpb_row vc_row-fluid vc_row inner_row vc_row-o-equal-height vc_row-flex vc_row-o-content-middle\"  style=\"\"><div class=\"row-bg-wrap\"> <div class=\"row-bg\" ><\/div> <\/div><div class=\"row_col_wrap_12_inner col span_12  left\">\n\t<div  class=\"vc_col-sm-4\/5 vc_col-md-9 wpb_column column_container vc_column_container col child_column no-extra-padding bottom_margin_tablet_20px inherit_tablet inherit_phone\"    data-t-w-inherits=\"small_desktop\" data-padding-pos=\"all\" data-has-bg-color=\"false\" data-bg-color=\"\" data-bg-opacity=\"1\" data-animation=\"\" data-delay=\"0\" >\n\t\t<div class=\"vc_column-inner\" >\n\t\t<div class=\"wpb_wrapper\">\n\t\t\t<div class=\"nectar-split-heading  font_size_8vw font_size_tablet_9vw font_size_phone_9vw font_line_height_11vw  booking-heading\" data-align=\"default\" data-m-align=\"inherit\" data-text-effect=\"letter-reveal-bottom\" data-animation-type=\"line-reveal-by-space\" data-animation-delay=\"0\" data-animation-offset=\"\" data-m-rm-animation=\"true\" data-stagger=\"true\" data-custom-font-size=\"true\" style=\"font-size: 8vw; line-height: 8.8vw;\"><h1 style=\" color: #c9b3e9;\">Buchung<\/h1><\/div>\n\t\t<\/div> \n\t<\/div>\n\t<\/div> \n<\/div><\/div>\n\t\t\t<\/div> \n\t\t<\/div>\n\t<\/div> \n<\/div><\/div>\n\t\t<div id=\"fws_69f5d6f7dafc1\"  data-column-margin=\"default\" data-midnight=\"dark\"  class=\"wpb_row vc_row-fluid vc_row\"  style=\"padding-top: 0px; padding-bottom: 0px; \"><div class=\"row-bg-wrap\" data-bg-animation=\"none\" data-bg-animation-delay=\"\" data-bg-overlay=\"false\"><div class=\"inner-wrap row-bg-layer\" ><div class=\"row-bg viewport-desktop\"  style=\"\"><\/div><\/div><\/div><div class=\"row_col_wrap_12 col span_12 dark left\">\n\t<div  class=\"vc_col-sm-8 wpb_column column_container vc_column_container col no-extra-padding inherit_tablet inherit_phone\"  data-border-radius=\"15px\" data-padding-pos=\"all\" data-has-bg-color=\"false\" data-bg-color=\"\" data-bg-opacity=\"1\" data-animation=\"\" data-delay=\"0\" >\n\t\t<div class=\"vc_column-inner\" >\n\t\t\t<div class=\"wpb_wrapper\">\n\t\t\t\t\n<div class=\"wpb_text_column wpb_content_element\" >\n\t<p class=\"x_p1\"><span class=\"x_s1\" data-olk-copy-source=\"MessageBody\">Hey!<\/span><\/p>\n<p class=\"x_p1\"><span class=\"x_s1\">Seit August 2024 arbeite ich in meinem privaten Studio in Herne S\u00fcd, NRW<\/span><\/p>\n<p class=\"x_p1\"><span class=\"x_s1\">Um die Terminvergabe f\u00fcr dich zu vereinfachen, kannst du mir jederzeit eine Anfrage \u00fcber das unten stehende Formular schicken und musst nicht, wie vorher, auf einen bestimmten Buchungszeitraum warten.<\/span><\/p>\n<ul class=\"x_ul1\">\n<li class=\"x_li1\"><span class=\"x_s1\">Bitte f\u00fcll das unten stehende Formular aus. Auch dann, wenn du nur eine Preisspanne wissen magst.<\/span><\/li>\n<li class=\"x_li1\"><span class=\"x_s1\">Du kannst mir auf Deutsch oder Englisch schreiben<\/span><\/li>\n<li class=\"x_li1\"><span class=\"x_s1\">Ich freue mich \u00fcber konkrete Vorstellungen genauso wie \u00fcber unausgereifte Ideen, die wir zusammen entwickeln k\u00f6nnen am Tag des Termins! Kein Motiv ist zu klein oder zu gro\u00df - frag mich gerne. L\u00fcckenf\u00fcller? Super gerne! Falls du dir etwas von mir w\u00fcnscht, was du noch nicht bei mir gesehen hast, ist das ein toller Grund zu fragen. M\u00f6chte mich stets k\u00fcnstlerisch weiterentwickeln und t\u00e4towiere dir gerne ein florales Konzepttattoo aber auch gerne einen Hasen auf Inlineskates<\/span><\/li>\n<li class=\"x_li1\"><span class=\"x_s1\">Einmal pro Monat werden alle Emails beantwortet und in der Regel werden Termine vergeben f\u00fcr 2-3 Monate in der Zukunft. Das bedeutet, du wartest nicht l\u00e4nger als 4 Wochen auf eine Antwort und nicht l\u00e4nger als 2-3 Monate auf einen Termin<\/span><\/li>\n<li class=\"x_li1\"><span class=\"x_s1\">Wenn ich deine Idee umsetzen kann, dann bekommst du Terminvorschl\u00e4ge und kannst dich \u00fcber ein automatisches System ganz einfach selbst einbuchen<\/span><\/li>\n<li class=\"x_li1\"><span class=\"x_s1\">Alle Infos und eine Preisspanne gibt es nat\u00fcrlich, bevor du dich festlegst<\/span><\/li>\n<li class=\"x_li1\"><span class=\"x_s1\">Du bekommst auf das Formular IMMER eine Antwort - ob Zu- oder Absage. Falls du innerhalb eines Monats nichts h\u00f6rst, ist etwas nicht angekommen. Dann schick mir bitte eine E-Mail!<\/span><\/li>\n<li class=\"x_li1\">Melde dich gerne f\u00fcr den <a href=\"https:\/\/veraickler.de\/de\/newsletter-signup\/\">Newsletter<\/a> an f\u00fcr Last Minute Termine durch Ausf\u00e4lle, anstehende Guestspots oder wenn du neue Wannados bequem und zuerst bekommen m\u00f6chtest<\/li>\n<li class=\"x_li1\">Noch auf der Suche nach Ideen? Schau doch auf meinem <a href=\"https:\/\/www.instagram.com\/veraickler\/\" target=\"_blank\" rel=\"noopener\">Instagram<\/a> Profil vorbei und lass dich von anderen Tattoos inspirieren<\/li>\n<\/ul>\n<\/div>\n\n\n\n\n\t\t\t<\/div> \n\t\t<\/div>\n\t<\/div> \n\n\t<div  class=\"vc_col-sm-4 wpb_column column_container vc_column_container col no-extra-padding inherit_tablet inherit_phone\"  data-padding-pos=\"all\" data-has-bg-color=\"false\" data-bg-color=\"\" data-bg-opacity=\"1\" data-animation=\"\" data-delay=\"0\" >\n\t\t<div class=\"vc_column-inner\" >\n\t\t\t<div class=\"wpb_wrapper\">\n\t\t\t\t\n\t\t\t<\/div> \n\t\t<\/div>\n\t<\/div> \n<\/div><\/div>\n\t\t<div id=\"fws_69f5d6f7db3c3\"  data-column-margin=\"default\" data-midnight=\"dark\"  class=\"wpb_row vc_row-fluid vc_row\"  style=\"padding-top: 0px; padding-bottom: 0px; \"><div class=\"row-bg-wrap\" data-bg-animation=\"none\" data-bg-animation-delay=\"\" data-bg-overlay=\"false\"><div class=\"inner-wrap row-bg-layer\" ><div class=\"row-bg viewport-desktop\"  style=\"\"><\/div><\/div><\/div><div class=\"row_col_wrap_12 col span_12 dark left\">\n\t<div  class=\"vc_col-sm-8 wpb_column column_container vc_column_container col padding-4-percent inherit_tablet inherit_phone\"  data-border-radius=\"15px\" data-shadow=\"small_depth\" data-padding-pos=\"all\" data-has-bg-color=\"false\" data-bg-color=\"\" data-bg-opacity=\"1\" data-animation=\"\" data-delay=\"0\" >\n\t\t<div class=\"vc_column-inner\" ><div class=\"column-bg-overlay-wrap column-bg-layer\" data-bg-animation=\"none\"><div class=\"column-bg-overlay\"><\/div><\/div>\n\t\t\t<div class=\"wpb_wrapper\">\n\t\t\t\t\n<div class=\"wpcf7 no-js\" id=\"wpcf7-f358-o1\" lang=\"de-DE\" dir=\"ltr\" data-wpcf7-id=\"358\">\n<div class=\"screen-reader-response\"><p role=\"status\" aria-live=\"polite\" aria-atomic=\"true\"><\/p> <ul><\/ul><\/div>\n<form action=\"\/de\/wp-json\/wp\/v2\/pages\/474#wpcf7-f358-o1\" method=\"post\" class=\"wpcf7-form init\" aria-label=\"Kontaktformular\" enctype=\"multipart\/form-data\" novalidate=\"novalidate\" data-status=\"init\" data-trp-original-action=\"\/de\/wp-json\/wp\/v2\/pages\/474#wpcf7-f358-o1\">\n<fieldset class=\"hidden-fields-container\"><input type=\"hidden\" name=\"_wpcf7\" value=\"358\" \/><input type=\"hidden\" name=\"_wpcf7_version\" value=\"6.1.5\" \/><input type=\"hidden\" name=\"_wpcf7_locale\" value=\"de_DE\" \/><input type=\"hidden\" name=\"_wpcf7_unit_tag\" value=\"wpcf7-f358-o1\" \/><input type=\"hidden\" name=\"_wpcf7_container_post\" value=\"0\" \/><input type=\"hidden\" name=\"_wpcf7_posted_data_hash\" value=\"\" \/><input type=\"hidden\" name=\"_wpcf7_recaptcha_response\" value=\"\" \/>\n<\/fieldset>\n<p><label> <span class=\"label\">Dein Name<\/span><br \/>\n<span class=\"wpcf7-form-control-wrap\" data-name=\"your-name\"><input size=\"40\" maxlength=\"400\" class=\"wpcf7-form-control wpcf7-text wpcf7-validates-as-required\" autocomplete=\"name\" aria-required=\"true\" aria-invalid=\"false\" value=\"\" type=\"text\" name=\"your-name\" \/><\/span> <\/label>\n<\/p>\n<p><label> <span class=\"label\">Deine Pronomen<\/span><br \/>\n<span class=\"wpcf7-form-control-wrap\" data-name=\"pronouns\"><input size=\"40\" maxlength=\"400\" class=\"wpcf7-form-control wpcf7-text\" aria-invalid=\"false\" value=\"\" type=\"text\" name=\"pronouns\" \/><\/span> <\/label>\n<\/p>\n<p><label> <span class=\"label\">Deine E-Mail<\/span><br \/>\n<span class=\"wpcf7-form-control-wrap\" data-name=\"your-email\"><input size=\"40\" maxlength=\"400\" class=\"wpcf7-form-control wpcf7-email wpcf7-validates-as-required wpcf7-text wpcf7-validates-as-email\" autocomplete=\"email\" aria-required=\"true\" aria-invalid=\"false\" value=\"\" type=\"email\" name=\"your-email\" \/><\/span> <\/label>\n<\/p>\n<div class=\"small\">\n\t<p>Deine Mail wird nur bis zum Tag deines Tattoo-Termins gespeichert und danach gel\u00f6scht. Wir geben sie nicht an Dritte weiter. Mehr zu unserem Datenschutz findest du <a href=\"https:\/\/veraickler.de\/de\/privacy-policy\/\" target=\"_blank\" rel=\"noopener\">hier<\/a>.)\n\t<\/p>\n<\/div>\n<p><label> <span class=\"label\">Deine Telefonnummer<\/span><br \/>\n<span class=\"wpcf7-form-control-wrap\" data-name=\"tel-746\"><input size=\"40\" maxlength=\"400\" class=\"wpcf7-form-control wpcf7-tel wpcf7-text wpcf7-validates-as-tel\" autocomplete=\"tel\" aria-invalid=\"false\" value=\"\" type=\"tel\" name=\"tel-746\" \/><\/span> <\/label>\n<\/p>\n<div class=\"small\">\n\t<p>(Deine Handynummer wird nur bis zum Tag deines Tattoo-Termins gespeichert und danach gel\u00f6scht. Wir geben sie nicht an Dritte weiter. Mehr zu unserem Datenschutz findest du <a href=\"https:\/\/veraickler.de\/de\/privacy-policy\/\" target=\"_blank\" rel=\"noopener\">hier<\/a>.)\n\t<\/p>\n<\/div>\n<p><label> <span class=\"label\">Hast du bereits ein Tattoo?<\/span><br \/>\n<span class=\"wpcf7-form-control-wrap\" data-name=\"already-tattoo\"><select class=\"wpcf7-form-control wpcf7-select wpcf7-validates-as-required\" aria-required=\"true\" aria-invalid=\"false\" name=\"already-tattoo\"><option value=\"\">&#8211; Bitte ausw\u00e4hlen &#8211;<\/option><option value=\"Yes\">Ja<\/option><option value=\"No\">Nein<\/option><\/select><\/span> <\/label>\n<\/p>\n<p><label> <span class=\"label\">Warst du schon mal bei mir f\u00fcr ein Tattoo?<\/span><br \/>\n<span class=\"wpcf7-form-control-wrap\" data-name=\"tattoo-with-vera\"><select class=\"wpcf7-form-control wpcf7-select wpcf7-validates-as-required\" aria-required=\"true\" aria-invalid=\"false\" name=\"tattoo-with-vera\"><option value=\"\">&#8211; Bitte ausw\u00e4hlen &#8211;<\/option><option value=\"Yes\">Ja<\/option><option value=\"No\">Nein<\/option><\/select><\/span> <\/label>\n<\/p>\n<p><label> <span class=\"label\">Welche Gr\u00f6\u00dfe soll dein neues Tattoo haben?<\/span><br \/>\n<span class=\"wpcf7-form-control-wrap\" data-name=\"tattoo-size\"><input size=\"40\" maxlength=\"400\" class=\"wpcf7-form-control wpcf7-text wpcf7-validates-as-required\" aria-required=\"true\" aria-invalid=\"false\" value=\"\" type=\"text\" name=\"tattoo-size\" \/><\/span> <\/label>\n<\/p>\n<div class=\"small\">\n\t<p>\u00dcbliche Angaben sind zum Beispiel \u201chandfl\u00e4chengro\u00df\u201d oder \u201cFull Sleeve\u201d. Keine Sorge, dies besprichst du auch noch einmal im Detail vor Ort, wenn das Motiv an deinen K\u00f6rper angepasst wird.\n\t<\/p>\n<\/div>\n<p><label> <span class=\"label\">An welche Stelle soll dein neues Tattoo?<\/span><br \/>\n<span class=\"wpcf7-form-control-wrap\" data-name=\"tattoo-placing\"><select class=\"wpcf7-form-control wpcf7-select wpcf7-validates-as-required\" aria-required=\"true\" aria-invalid=\"false\" name=\"tattoo-placing\"><option value=\"\">&#8211; Bitte ausw\u00e4hlen &#8211;<\/option><option value=\"Head\">Kopf<\/option><option value=\"Neck\">Hals<\/option><option value=\"Shoulder\">Schulter<\/option><option value=\"Chest\">Brust<\/option><option value=\"Abdomen\">Bauch<\/option><option value=\"Back\">R\u00fccken<\/option><option value=\"Upper arm\">Oberarm<\/option><option value=\"Forearm\">Unterarm<\/option><option value=\"Hand\">Hand<\/option><option value=\"Thigh\">Oberschenkel<\/option><option value=\"Lower leg\">Unterschenkel<\/option><option value=\"Foot\">Fu\u00df<\/option><option value=\"Other part\">Andere Stelle<\/option><\/select><\/span> <\/label>\n<\/p>\n<div class=\"small\">\n\t<p>Wo soll dein neues Tattoo hin? Wenn du dich wohl f\u00fchlst, schick mir gerne ein Foto. Am besten von einer anderen Person gemacht und im Tageslicht. Das ist vor allem dann wichtig, wenn L\u00fccken gef\u00fcllt werden sollen oder du in dem Areal bereits Tattoos hast, die ber\u00fccksichtigt werden sollen.\n\t<\/p>\n<\/div>\n<p><label> <span class=\"label\">Beschreibung deines Wunsch-Tattoos<\/span><br \/>\n<span class=\"wpcf7-form-control-wrap\" data-name=\"tattoo-description\"><textarea cols=\"40\" rows=\"10\" maxlength=\"2000\" class=\"wpcf7-form-control wpcf7-textarea wpcf7-validates-as-required\" aria-required=\"true\" aria-invalid=\"false\" name=\"tattoo-description\"><\/textarea><\/span> <\/label>\n<\/p>\n<div class=\"small\">\n\t<p>Beschreibung deines Wunschmotivs. Bitte fasse dich pr\u00e4zise und so kurz es geht <b>(Max L\u00e4nge: 2000)<\/b>\n\t<\/p>\n<\/div>\n<p><label> <span class=\"label\">Dein Budget<\/span><br \/>\n<span class=\"wpcf7-form-control-wrap\" data-name=\"budget\"><select class=\"wpcf7-form-control wpcf7-select wpcf7-validates-as-required\" aria-required=\"true\" aria-invalid=\"false\" name=\"budget\"><option value=\"\">&#8211; Bitte ausw\u00e4hlen &#8211;<\/option><option value=\"up to 300 \u20ac\">bis 300 \u20ac<\/option><option value=\"up to 600 \u20ac\">bis 600 \u20ac<\/option><option value=\"up to 900 \u20ac\">bis 900 \u20ac<\/option><option value=\"More than 900 \u20ac\">Mehr als 900 \u20ac<\/option><option value=\"Discuss with me\">Mit mir besprechen<\/option><\/select><\/span><br \/>\n<\/label>\n<\/p>\n<p><label> <span class=\"label\">Aus welcher Stadt reist du an?<\/span><br \/>\n<span class=\"wpcf7-form-control-wrap\" data-name=\"city\"><input size=\"40\" maxlength=\"400\" class=\"wpcf7-form-control wpcf7-text wpcf7-validates-as-required\" autocomplete=\"address-level2\" aria-required=\"true\" aria-invalid=\"false\" value=\"\" type=\"text\" name=\"city\" \/><\/span><br \/>\n<\/label>\n<\/p>\n<p><label> <span class=\"label\">Welche Sprache sprichst du?<\/span><br \/>\n<span class=\"wpcf7-form-control-wrap\" data-name=\"spoken_language\"><select class=\"wpcf7-form-control wpcf7-select wpcf7-validates-as-required\" aria-required=\"true\" aria-invalid=\"false\" name=\"spoken_language\"><option value=\"\">&#8211; Bitte ausw\u00e4hlen &#8211;<\/option><option value=\"English\">Englisch<\/option><option value=\"German\">Deutsch<\/option><\/select><\/span><br \/>\n<\/label>\n<\/p>\n<p><label> <span class=\"label\">Mein Termin soll stattfinden:<\/span><br \/>\n<span class=\"wpcf7-form-control-wrap\" data-name=\"dates\"><select class=\"wpcf7-form-control wpcf7-select wpcf7-validates-as-required\" aria-required=\"true\" aria-invalid=\"false\" name=\"dates\"><option value=\"\">&#8211; Bitte ausw\u00e4hlen &#8211;<\/option><option value=\"A) as soon as possible\">A) so fr\u00fch wie m\u00f6glich<\/option><option value=\"B) send me available dates for these months:\">B) im folgenden Zeitraum (bitte Monate angeben)<\/option><\/select><\/span><br \/>\n<\/label>\n<\/p>\n<p><label> <span class=\"label\">Verf\u00fcgbarer Zeitraum<\/span><br \/>\n<span class=\"wpcf7-form-control-wrap\" data-name=\"available_dates\"><input size=\"40\" maxlength=\"400\" class=\"wpcf7-form-control wpcf7-text\" aria-invalid=\"false\" value=\"\" type=\"text\" name=\"available_dates\" \/><\/span> <\/label>\n<\/p>\n<div class=\"small\">\n\t<p>Fill it out if you selected option B.\n\t<\/p>\n<\/div>\n<p><label> <span class=\"label\">Welche Tattoos oder Bilder haben dich inspiriert?<\/span><br \/>\n<span class=\"wpcf7-form-control-wrap\" data-name=\"upload\"><input size=\"40\" class=\"wpcf7-form-control wpcf7-file\" accept=\".jpg,.jpeg,.png,.pdf\" aria-invalid=\"false\" type=\"file\" name=\"upload\" \/><\/span> <\/label>\n<\/p>\n<div class=\"small\">\n\t<p>Max. Dateigr\u00f6\u00dfe: 5 MB\n\t<\/p>\n<\/div>\n<p><span class=\"wpcf7-form-control-wrap\" data-name=\"accept-this-1\"><span class=\"wpcf7-form-control wpcf7-acceptance\"><span class=\"wpcf7-list-item\"><label><input type=\"checkbox\" name=\"accept-this-1\" value=\"1\" aria-invalid=\"false\" \/><span class=\"wpcf7-list-item-label\">Ich akzeptiere die <a href=\"https:\/\/veraickler.de\/de\/privacy-policy\/\" target=\"_blank\" rel=\"noopener\">Datenschutzerkl\u00e4rung<\/a>.<\/span><\/label><\/span><\/span><\/span>\n<\/p>\n<p><input class=\"wpcf7-form-control wpcf7-submit has-spinner\" type=\"submit\" value=\"Senden\" \/>\n<\/p><div class=\"wpcf7-response-output\" aria-hidden=\"true\"><\/div>\n<input type=\"hidden\" name=\"trp-form-language\" value=\"de\"\/><\/form>\n<\/div>\n\n\t\t\t<\/div> \n\t\t<\/div>\n\t<\/div> \n\n\t<div  class=\"vc_col-sm-4 wpb_column column_container vc_column_container col no-extra-padding inherit_tablet inherit_phone\"  data-padding-pos=\"all\" data-has-bg-color=\"false\" data-bg-color=\"\" data-bg-opacity=\"1\" data-animation=\"\" data-delay=\"0\" >\n\t\t<div class=\"vc_column-inner\" >\n\t\t\t<div class=\"wpb_wrapper\">\n\t\t\t\t\n\t\t\t<\/div> \n\t\t<\/div>\n\t<\/div> \n<\/div><\/div>","protected":false},"excerpt":{"rendered":"Booking Hey! Since August 2024 I have been working out of my private studio in Herne, NRW, Germany To make it easier for you to book an appointment, you can...","protected":false},"author":2,"featured_media":0,"parent":0,"menu_order":0,"comment_status":"closed","ping_status":"closed","template":"","meta":{"inline_featured_image":false,"footnotes":""},"class_list":["post-474","page","type-page","status-publish"],"_links":{"self":[{"href":"https:\/\/veraickler.de\/de\/wp-json\/wp\/v2\/pages\/474","targetHints":{"allow":["GET"]}}],"collection":[{"href":"https:\/\/veraickler.de\/de\/wp-json\/wp\/v2\/pages"}],"about":[{"href":"https:\/\/veraickler.de\/de\/wp-json\/wp\/v2\/types\/page"}],"author":[{"embeddable":true,"href":"https:\/\/veraickler.de\/de\/wp-json\/wp\/v2\/users\/2"}],"replies":[{"embeddable":true,"href":"https:\/\/veraickler.de\/de\/wp-json\/wp\/v2\/comments?post=474"}],"version-history":[{"count":87,"href":"https:\/\/veraickler.de\/de\/wp-json\/wp\/v2\/pages\/474\/revisions"}],"predecessor-version":[{"id":1108,"href":"https:\/\/veraickler.de\/de\/wp-json\/wp\/v2\/pages\/474\/revisions\/1108"}],"wp:attachment":[{"href":"https:\/\/veraickler.de\/de\/wp-json\/wp\/v2\/media?parent=474"}],"curies":[{"name":"wp","href":"https:\/\/api.w.org\/{rel}","templated":true}]}}